{"id":160,"date":"2020-05-01T22:14:19","date_gmt":"2020-05-01T22:14:19","guid":{"rendered":"https:\/\/consulting.hidup.io\/?page_id=160"},"modified":"2020-06-10T18:23:56","modified_gmt":"2020-06-10T18:23:56","slug":"legal","status":"publish","type":"page","link":"https:\/\/consulting.hidup.io\/es\/legal\/","title":{"rendered":"Legal"},"content":{"rendered":"<div data-elementor-type=\"wp-post\" data-elementor-id=\"160\" class=\"elementor elementor-160\" data-elementor-post-type=\"page\">\n\t\t\t\t\t\t<section class=\"elementor-section elementor-top-section elementor-element elementor-element-5b2a6e4 elementor-section-height-min-height elementor-section-boxed elementor-section-height-default elementor-section-items-middle\" data-id=\"5b2a6e4\" data-element_type=\"section\" data-e-type=\"section\" data-settings=\"{&quot;background_background&quot;:&quot;classic&quot;}\">\n\t\t\t\t\t\t<div class=\"elementor-container elementor-column-gap-default\">\n\t\t\t\t\t<div class=\"elementor-column elementor-col-100 elementor-top-column elementor-element elementor-element-48862ae\" data-id=\"48862ae\" data-element_type=\"column\" data-e-type=\"column\">\n\t\t\t<div class=\"elementor-widget-wrap elementor-element-populated\">\n\t\t\t\t\t\t<div class=\"elementor-element elementor-element-9469690 elementor-widget elementor-widget-heading\" data-id=\"9469690\" data-element_type=\"widget\" data-e-type=\"widget\" data-widget_type=\"heading.default\">\n\t\t\t\t<div class=\"elementor-widget-container\">\n\t\t\t\t\t<h2 class=\"elementor-heading-title elementor-size-default\">LEGAL<\/h2>\t\t\t\t<\/div>\n\t\t\t\t<\/div>\n\t\t\t\t\t<\/div>\n\t\t<\/div>\n\t\t\t\t\t<\/div>\n\t\t<\/section>\n\t\t\t\t<section class=\"elementor-section elementor-inner-section elementor-element elementor-element-57112424 elementor-section-boxed elementor-section-height-default elementor-section-height-default\" data-id=\"57112424\" data-element_type=\"section\" data-e-type=\"section\" data-settings=\"{&quot;background_background&quot;:&quot;classic&quot;}\">\n\t\t\t\t\t\t<div class=\"elementor-container elementor-column-gap-no\">\n\t\t\t\t\t<div class=\"elementor-column elementor-col-100 elementor-inner-column elementor-element elementor-element-a6ea847\" data-id=\"a6ea847\" data-element_type=\"column\" data-e-type=\"column\">\n\t\t\t<div class=\"elementor-widget-wrap elementor-element-populated\">\n\t\t\t\t\t\t<div class=\"elementor-element elementor-element-61102d5 elementor-widget elementor-widget-text-editor\" data-id=\"61102d5\" data-element_type=\"widget\" data-e-type=\"widget\" data-widget_type=\"text-editor.default\">\n\t\t\t\t<div class=\"elementor-widget-container\">\n\t\t\t\t\t\t\t\t\t<section class=\"elementor-element elementor-element-6c46e95 elementor-section-boxed elementor-section-height-default elementor-section-height-default elementor-section elementor-top-section\" data-id=\"6c46e95\" data-element_type=\"section\"><div class=\"elementor-container elementor-column-gap-default\"><div class=\"elementor-row\"><div class=\"elementor-element elementor-element-238736e elementor-column elementor-col-100 elementor-top-column\" data-id=\"238736e\" data-element_type=\"column\"><div class=\"elementor-column-wrap  elementor-element-populated\"><div class=\"elementor-widget-wrap\"><div class=\"elementor-element elementor-element-b42afff elementor-widget elementor-widget-text-editor\" data-id=\"b42afff\" data-element_type=\"widget\" data-widget_type=\"text-editor.default\"><div class=\"elementor-widget-container\"><div class=\"elementor-text-editor elementor-clearfix\"><section data-id=\"f828b48\" data-element_type=\"section\" data-settings=\"{&quot;background_background&quot;:&quot;classic&quot;}\"><div><div><div data-id=\"ed30cde\" data-element_type=\"column\"><div><div><div data-id=\"4fa1035\" data-element_type=\"widget\" data-widget_type=\"text-editor.default\"><div><div><div><p>1.-El acceso a las p\u00e1ginas web hidup.io, hidup.es, tartesys.es, tartesys.com, scorizer.com, as\u00ed como a todos sus subdominios y sus contenidos es gratuito y voluntario por parte de los usuarios, que est\u00e1n sujetos a las presentes condiciones en relaci\u00f3n con los servicios y contenidos en los mismos. El uso de los servicios a trav\u00e9s de cualquier URL anterior implica la aceptaci\u00f3n de las siguientes condiciones generales, que buscan regular las normas de uso y salvaguardar la protecci\u00f3n de datos de los usuarios de este sitio web, propiedad de la empresa Tartessos Sistemas y Servicios SL con domicilio social en la calle Torrijiano n\u00ba 23, CP 41009 de Sevilla, Espa\u00f1a y con el correo electr\u00f3nico support@hidup.io. El t\u00e9rmino \u00abUsuario\u00bb se utiliza aqu\u00ed para referirse a todas las personas y \/ o entidades que por cualquier motivo acceden a este sitio web.<\/p><p>2.-Tartessos Sistemas y Servicios SL pretende, a trav\u00e9s de este sitio web, informar a sus clientes y usuarios en general sobre los servicios que ofrece la empresa, como servicios de administraci\u00f3n de servidores, servicios de computaci\u00f3n en la nube y otros servicios de consultor\u00eda inform\u00e1tica en general. El uso de la p\u00e1gina y \/ o sus servicios, significar\u00e1 la aceptaci\u00f3n y validez total y sin reservas de todas y cada una de las Condiciones Generales recopiladas, por lo que el usuario debe ser consciente de la importancia de leerlas cada vez. Visitas la web.<\/p><p>3.-Tartessos Sistemas y Servicios SL no se hace responsable del mal uso de los contenidos de su sitio web, siendo exclusiva responsabilidad de la persona que accede a ellos o los utiliza. Tartessos Sistemas y Servicios SL no asume ninguna responsabilidad por la informaci\u00f3n contenida en p\u00e1ginas web de terceros a las que se pueda acceder mediante enlaces o motores de b\u00fasqueda. La presencia de enlaces en el sitio web de Tartessos Sistemas y Servicios SL son solo para fines informativos y en ning\u00fan caso implican una sugerencia, invitaci\u00f3n o recomendaci\u00f3n al respecto. Tartessos Sistemas y Servicios SL declina cualquier responsabilidad derivada del intercambio de informaci\u00f3n entre usuarios a trav\u00e9s de sus p\u00e1ginas web. La responsabilidad de las manifestaciones difundidas en sus p\u00e1ginas web corresponde a quienes las realizan.<\/p><p>4.-Tartessos Sistemas y Servicios SL no ser\u00e1 responsable de posibles da\u00f1os que puedan derivarse de interferencias, omisiones, interrupciones, virus inform\u00e1ticos, aver\u00edas telef\u00f3nicas o desconexiones en el funcionamiento operativo de este sistema electr\u00f3nico; de retrasos o bloqueos en el uso de este sistema electr\u00f3nico causados por deficiencias o sobrecargas de l\u00edneas telef\u00f3nicas o sobrecargas en el sistema de Internet o en otros sistemas electr\u00f3nicos, as\u00ed como da\u00f1os que puedan ser causados por terceros a trav\u00e9s de interferencias ileg\u00edtimas fuera del control de Tartessos Sistemas y Servicios SL. Asimismo, Tartessos Sistemas y Servicios SL es responsable de cualquier da\u00f1o o p\u00e9rdida que pueda sufrir el usuario como consecuencia de errores, defectos u omisiones, en la informaci\u00f3n proporcionada por Tartessos Sistemas y Servicios SL siempre que provenga de fuentes distintas a esta.<\/p><p>5.-Tartessos Sistemas y Servicios SL puede unilateralmente y sin previo aviso, siempre que lo considere oportuno, la estructura y dise\u00f1o de la Web, as\u00ed como modificar o eliminar, los servicios, contenidos y condiciones de acceso y \/ o uso del Web.<\/p><p><span style=\"letter-spacing: 0px;\">6.-Los derechos de propiedad intelectual del contenido de la p\u00e1gina web, su dise\u00f1o gr\u00e1fico y c\u00f3digos fuente, est\u00e1n protegidos por la licencia GNU. Las im\u00e1genes est\u00e1n registradas bajo la licencia GPL v3.<\/span><\/p><p>7.-Como excepci\u00f3n al punto 6 de estas condiciones, el dise\u00f1o de los logotipos de Hidup.io y Tartesys son propiedad de Tartessos Sistemas y Servicios SL. Asimismo, todos los nombres comerciales, marcas o signos diferentes de cualquier tipo contenidos en el sitio web de Tartessos Sistemas y Servicios SL est\u00e1n protegidos por ley.<\/p><p>8.-En relaci\u00f3n con los nombramientos de productos y servicios de terceros, Tartessos Sistemas y Servicios SL reconoce los derechos de propiedad intelectual e industrial correspondientes a favor de sus propietarios, su mera menci\u00f3n o aparici\u00f3n en el sitio web no implica la existencia de ning\u00fan derecho o responsabilidad de Tartessos Sistemas y Servicios SL sobre ellos.<\/p><\/div><\/div><\/div><\/div><\/div><\/div><\/div><\/div><\/div><\/section><\/div><\/div><\/div><\/div><\/div><\/div><\/div><\/div><\/section>\t\t\t\t\t\t\t\t<\/div>\n\t\t\t\t<\/div>\n\t\t\t\t\t<\/div>\n\t\t<\/div>\n\t\t\t\t\t<\/div>\n\t\t<\/section>\n\t\t\t\t<\/div>","protected":false},"excerpt":{"rendered":"<p>LEGAL 1.-El acceso a las p\u00e1ginas web hidup.io, hidup.es, tartesys.es, tartesys.com, scorizer.com, as\u00ed como a todos sus subdominios y sus contenidos es gratuito y voluntario por parte de los usuarios, que est\u00e1n sujetos a las presentes condiciones en relaci\u00f3n con los servicios y contenidos de las mismas. El uso de los servicios a trav\u00e9s de las URL anteriores implica la aceptaci\u00f3n ...&nbsp;<a href=\"https:\/\/consulting.hidup.io\/es\/legal\/\" rel=\"bookmark\">Leer m\u00e1s &quot;<span class=\"screen-reader-text\">Legal<\/span><\/a><\/p>","protected":false},"author":1,"featured_media":0,"parent":0,"menu_order":0,"comment_status":"closed","ping_status":"closed","template":"elementor_header_footer","meta":{"_crdt_document":"","neve_meta_sidebar":"","neve_meta_container":"","neve_meta_enable_content_width":"off","neve_meta_content_width":0,"neve_meta_title_alignment":"","neve_meta_author_avatar":"","neve_post_elements_order":"","neve_meta_disable_header":"","neve_meta_disable_footer":"","neve_meta_disable_title":"","neve_meta_reading_time":"","footnotes":""},"class_list":["post-160","page","type-page","status-publish","hentry"],"_links":{"self":[{"href":"https:\/\/consulting.hidup.io\/es\/wp-json\/wp\/v2\/pages\/160","targetHints":{"allow":["GET"]}}],"collection":[{"href":"https:\/\/consulting.hidup.io\/es\/wp-json\/wp\/v2\/pages"}],"about":[{"href":"https:\/\/consulting.hidup.io\/es\/wp-json\/wp\/v2\/types\/page"}],"author":[{"embeddable":true,"href":"https:\/\/consulting.hidup.io\/es\/wp-json\/wp\/v2\/users\/1"}],"replies":[{"embeddable":true,"href":"https:\/\/consulting.hidup.io\/es\/wp-json\/wp\/v2\/comments?post=160"}],"version-history":[{"count":10,"href":"https:\/\/consulting.hidup.io\/es\/wp-json\/wp\/v2\/pages\/160\/revisions"}],"predecessor-version":[{"id":632,"href":"https:\/\/consulting.hidup.io\/es\/wp-json\/wp\/v2\/pages\/160\/revisions\/632"}],"wp:attachment":[{"href":"https:\/\/consulting.hidup.io\/es\/wp-json\/wp\/v2\/media?parent=160"}],"curies":[{"name":"gracias","href":"https:\/\/api.w.org\/{rel}","templated":true}]}}