{"id":732,"date":"2021-01-06T11:59:35","date_gmt":"2021-01-06T11:59:35","guid":{"rendered":"https:\/\/consulting.hidup.io\/?page_id=732"},"modified":"2021-01-06T11:59:35","modified_gmt":"2021-01-06T11:59:35","slug":"cookies-policy","status":"publish","type":"page","link":"https:\/\/consulting.hidup.io\/es\/cookies-policy\/","title":{"rendered":"Pol\u00edtica de cookies"},"content":{"rendered":"<h1>Pol\u00edtica de cookies<\/h1>\n<p>La LSSI-CE obliga a todos los que tengamos un blog o una p\u00e1gina web a\u00a0<strong>advertir al usuario de la existencia de cookies, informarle sobre ellas y requerir su permiso para descargarlas.<\/strong><\/p>\n<p>Siguiendo lo dispuesto en el art. 22.2 de la Ley 34\/2002<em>. &quot;Los proveedores de servicios pueden utilizar dispositivos de almacenamiento y recuperaci\u00f3n de datos en los equipos terminales de los destinatarios, siempre que\u00a0<\/em><strong>han dado su consentimiento despu\u00e9s de haberles proporcionado informaci\u00f3n clara y completa sobre su uso<\/strong><em>, en particular, sobre las finalidades del tratamiento de datos, de acuerdo con lo dispuesto en la Ley Org\u00e1nica 15\/1999, de 13 de diciembre, de Protecci\u00f3n de Datos de Car\u00e1cter Personal \u201d.<\/em><\/p>\n<p>Debes saber que teniendo en cuenta la forma en que funcionan Internet y los sitios web, no siempre es posible tener informaci\u00f3n actualizada sobre las cookies que pueden utilizar terceros a trav\u00e9s de este sitio web.<\/p>\n<p>Esto se aplica especialmente a los casos en los que este sitio web contiene elementos incrustados: es decir, textos, documentos, im\u00e1genes o videos cortos que se almacenan en otro lugar pero que se muestran en nuestro sitio web.<\/p>\n<p>Por lo tanto, en caso de que encuentre este tipo de cookies en este sitio web y no se encuentren en la siguiente lista, h\u00e1gamelo saber. Tambi\u00e9n puede contactar al tercero directamente para solicitar informaci\u00f3n sobre las cookies que colocan, el prop\u00f3sito y la duraci\u00f3n de la cookie, y c\u00f3mo han garantizado su privacidad.<\/p>\n<h3>\u00bfQu\u00e9 son las cookies?<\/h3>\n<p>Las cookies son una herramienta utilizada por los servidores web para almacenar y recuperar informaci\u00f3n sobre sus visitantes. No es m\u00e1s que un archivo de texto que algunos servidores le piden a nuestro navegador que escriba en nuestro disco duro, con informaci\u00f3n sobre lo que hemos estado haciendo por sus p\u00e1ginas. Tienen una fecha de caducidad, que puede ir desde la duraci\u00f3n de la sesi\u00f3n hasta una fecha futura especificada, despu\u00e9s de la cual dejan de estar operativas.<\/p>\n<h2>1. Las cookies utilizadas por este sitio web<\/h2>\n<p>Se utilizan cookies en este sitio web\u00a0<strong>propios y de terceros<\/strong>\u00a0Para que tengas una mejor experiencia de navegaci\u00f3n, puedes compartir contenido en redes sociales, mostrarte anuncios basados en tus intereses y obtener estad\u00edsticas de usuarios.<\/p>\n<p>Por tanto, las cookies utilizadas en\u00a0<strong>https:\/\/consulting.hidup.io<\/strong>\u00a0s\u00f3lo est\u00e1n asociados a un Usuario an\u00f3nimo y su ordenador, no aportan referencias que permitan deducir el nombre y apellidos del Usuario y no pueden leer datos de su disco duro ni incluir virus en sus textos. Igualmente,\u00a0<strong>https:\/\/consulting.hidup.io<\/strong>\u00a0no puede leer las cookies implantadas en el disco duro del Usuario desde otros servidores.<\/p>\n<p>El usuario puede decidir libremente sobre la implantaci\u00f3n o no en su disco duro de las cookies utilizadas en\u00a0<strong>https:\/\/consulting.hidup.io<\/strong>\u00a0En este sentido, el usuario puede configurar su navegador para aceptar o rechazar todas las cookies por defecto o para recibir un aviso en pantalla de la recepci\u00f3n de cada cookie y decidir en ese momento si implementarla o no en su disco duro. Para ello le sugerimos que consulte la secci\u00f3n de ayuda de su navegador para saber c\u00f3mo cambiar la configuraci\u00f3n que utiliza actualmente. Incluso si el Usuario configura su navegador para rechazar todas las cookies o rechaza expresamente las cookies de https:\/\/media.hidup.io<strong>\u00a0<\/strong>Podr\u00e1 navegar por el Portal con el \u00fanico inconveniente de no poder disfrutar de las funcionalidades del Portal que requieren la instalaci\u00f3n de alguna de ellas. En cualquier caso, el Usuario podr\u00e1 eliminar las cookies implantadas en su disco duro en cualquier momento, siguiendo el procedimiento establecido en la secci\u00f3n de ayuda de su navegador y que detallaremos m\u00e1s adelante.<\/p>\n<p>Como usuario, puede rechazar el tratamiento de los datos o la informaci\u00f3n bloqueando estas cookies mediante la adecuada configuraci\u00f3n de su navegador. Sin embargo, debe saber que si lo hace, este sitio no funcionar\u00e1 correctamente.<\/p>\n<p>Seg\u00fan los t\u00e9rminos incluidos en el art\u00edculo 22.2 de la Ley 34\/2002 de Servicios de la Sociedad de la Informaci\u00f3n y Comercio Electr\u00f3nico, si contin\u00faa navegando\u00a0<strong>estar\u00e1s dando tu consentimiento<\/strong>\u00a0para el uso de las cookies que detallamos a continuaci\u00f3n.<\/p>\n<p>Las cookies de este sitio web ayudan a:<\/p>\n<ul>\n<li>Haga que este sitio web funcione correctamente<\/li>\n<li>Le ahorra tener que iniciar sesi\u00f3n cada vez que visita este sitio<\/li>\n<li>Recuerde su configuraci\u00f3n durante y entre visitas<\/li>\n<li>Permitirle ver videos<\/li>\n<li>Mejorar la velocidad \/ seguridad del sitio<\/li>\n<li>Que puedes compartir p\u00e1ginas con redes sociales<\/li>\n<li>Mejorar continuamente este sitio web<\/li>\n<li>Muestre anuncios basados en sus h\u00e1bitos de navegaci\u00f3n<\/li>\n<\/ul>\n<p><strong>Las cookies nunca se utilizar\u00e1n para:<\/strong><\/p>\n<ul>\n<li>Recopilar informaci\u00f3n de identificaci\u00f3n personal (sin su permiso expreso)<\/li>\n<li>Recopilar informaci\u00f3n confidencial (sin su permiso expreso)<\/li>\n<li>Compartir datos de identificaci\u00f3n personal con terceros.<\/li>\n<\/ul>\n<h2>2. Cookies de terceros que utilizamos en este sitio web y que debes conocer<\/h2>\n<p>Este sitio web, como la mayor\u00eda de los sitios web, incluye funcionalidades proporcionadas por terceros.<\/p>\n<p>Los nuevos dise\u00f1os o servicios de terceros tambi\u00e9n se prueban peri\u00f3dicamente para obtener recomendaciones e informes.<\/p>\n<p>Esto puede modificar ocasionalmente la configuraci\u00f3n de las cookies y que aparezcan cookies que no se detallan en esta pol\u00edtica. Es importante que sepas que son cookies temporales de las que no siempre es posible denunciar y que solo tienen fines de estudio y evaluaci\u00f3n. En ning\u00fan caso se utilizar\u00e1n cookies que comprometan su privacidad.<\/p>\n<p>Entre las cookies de terceros m\u00e1s estables se encuentran:<\/p>\n<ul>\n<li><strong>Los generados por los servicios de an\u00e1lisis,<\/strong>\u00a0en concreto, Google Analytics para ayudar al sitio web a analizar el uso que hacen los usuarios del sitio web y mejorar su usabilidad, pero en ning\u00fan caso se asocian a datos que puedan identificar al usuario.<\/li>\n<\/ul>\n<p>Google Analytics es un servicio de an\u00e1lisis web proporcionado por Google, Inc., una empresa de Delaware cuya oficina principal se encuentra en 1600 Amphitheatre Parkway, Mountain View (California), CA 94043, Estados Unidos (&quot;Google&quot;).<\/p>\n<p>El usuario puede consultar\u00a0<a class=\"rank-math-link\" href=\"https:\/\/www.google.es\/intl\/es\/policies\/technologies\/types\/\" target=\"_blank\" rel=\"noreferrer noopener\">aqu\u00ed<\/a>\u00a0el tipo de cookies que utiliza Google. Cookie de Google+ y Google Maps, seg\u00fan lo dispuesto en su p\u00e1gina sobre lo que\u00a0<a href=\"http:\/\/www.google.com\/intl\/es\/policies\/technologies\/types\/\" target=\"_blank\" rel=\"noreferrer noopener\">tipo de uso de cookies<\/a>.<\/p>\n<ul>\n<li><strong>Multi- WordPress Hidup.io<\/strong>, es usuario de la plataforma de suministro y alojamiento de\u00a0<strong>Blogs de WordPress<\/strong>, propiedad de la empresa norteamericana:\u00a0<a href=\"https:\/\/automattic.com\/privacy\/\" target=\"_blank\" rel=\"noopener noreferrer\"><strong>Automattic, Inc<\/strong><\/a>. A tal efecto, el uso de sus cookies nunca est\u00e1 bajo nuestro control o gesti\u00f3n de nuestro sitio web y, adem\u00e1s, pueden cambiar o aumentar su funci\u00f3n en cualquier momento.<\/li>\n<\/ul>\n<p>Estas cookies no reportan ning\u00fan beneficio al responsable de este sitio web.\u00a0<a href=\"https:\/\/automattic.com\/privacy\/\" target=\"_blank\" rel=\"noopener noreferrer\"><strong>Automattic, Inc.<\/strong><\/a>, tambi\u00e9n utiliza otras cookies para ayudar a identificar y rastrear a los visitantes de los sitios de WordPress, aprender sobre su uso<strong>\u00a0del sitio<\/strong>\u00a0<strong>Sitio web autom\u00e1tico<\/strong>, as\u00ed como sus preferencias de acceso, tal y como se establece en el apartado\u00a0<a href=\"https:\/\/automattic.com\/cookies\/\" target=\"_blank\" rel=\"noopener noreferrer\">&quot;Cookies&quot; de su pol\u00edtica de privacidad<\/a>.<\/p>\n<ul>\n<li><strong>Cookies de redes sociales:<\/strong>\u00a0Las cookies de redes sociales pueden almacenarse en su navegador mientras navega por la web o cuando utiliza el bot\u00f3n de compartir contenido de abcoach.com en una red social.<\/li>\n<\/ul>\n<p>Las empresas que generan estas cookies correspondientes a las redes sociales que utiliza este sitio web tienen sus propias pol\u00edticas de cookies:<\/p>\n<ul>\n<li>Cookie de Twitter, seg\u00fan lo dispuesto en su\u00a0<a href=\"https:\/\/twitter.com\/privacy\" target=\"_blank\" rel=\"noreferrer noopener\">pol\u00edtica de privacidad y uso de cookies<\/a>.<\/li>\n<li>Cookie de Facebook, seg\u00fan lo dispuesto en su\u00a0<a class=\"rank-math-link\" href=\"https:\/\/www.facebook.com\/help\/cookies?ref_type=sitefooter\" target=\"_blank\" rel=\"noreferrer noopener\">Pol\u00edtica de cookies<\/a><\/li>\n<li>Cookie de YouTube, seg\u00fan lo dispuesto en su\u00a0<a class=\"rank-math-link\" href=\"https:\/\/policies.google.com\/technologies\/cookies?hl=es\" target=\"_blank\" rel=\"noopener noreferrer\">Pol\u00edtica de cookies<\/a><\/li>\n<\/ul>\n<p>Las implicaciones de privacidad depender\u00e1n de cada red social y depender\u00e1n de la configuraci\u00f3n de privacidad que haya elegido en estas redes. En ning\u00fan caso, ni el responsable de este sitio web ni los anunciantes pueden obtener informaci\u00f3n de identificaci\u00f3n personal de estas cookies.<\/p>\n<p>A continuaci\u00f3n, y tal y como exige el art\u00edculo 22.2 de la LSSI, se detallan las cookies que se pueden instalar peri\u00f3dicamente durante la navegaci\u00f3n por este sitio web:<\/p>\n<figure class=\"wp-block-table\">\n<table>\n<tbody>\n<tr>\n<td><strong>NOMBRE<\/strong><\/td>\n<td><strong>DURACI\u00d3N<\/strong><\/td>\n<td><strong>PROP\u00d3SITO<\/strong><\/td>\n<\/tr>\n<tr>\n<td>Terceros<br \/>\npersistente<em>_Georgia<\/em><\/td>\n<td>2 a\u00f1os para<br \/>\ncomenzando desde la configuraci\u00f3n<\/td>\n<td>Se utiliza para distinguir a los usuarios. Es una cookie perteneciente a Google Analytics.\u00a0<a href=\"https:\/\/www.google.com\/intl\/es\/policies\/\" target=\"_blank\" rel=\"noopener noreferrer\">M\u00e1s informaci\u00f3n<\/a><\/td>\n<\/tr>\n<tr>\n<td><\/td>\n<td><\/td>\n<td><\/td>\n<\/tr>\n<tr>\n<td>Terceros<br \/>\npersistente<em>_rev\u00f3lver<\/em><\/td>\n<td>10 minutos<\/td>\n<td>Se utiliza para conocer la tasa de recarga. Es una cookie perteneciente a Google Analytics.\u00a0<a href=\"https:\/\/www.google.com\/intl\/es\/policies\/\" target=\"_blank\" rel=\"noopener noreferrer\">M\u00e1s informaci\u00f3n<\/a><\/td>\n<\/tr>\n<tr>\n<td>Terceros<br \/>\npersistente<em>__utma<\/em><\/td>\n<td>2 a\u00f1os desde<br \/>\ncada actualizaci\u00f3n<\/td>\n<td>Esta cookie generalmente se establece durante la primera visita. Si la cookie se elimina manualmente, se volver\u00e1 a configurar en la pr\u00f3xima visita.<br \/>\ncon nueva identificaci\u00f3n. En la mayor\u00eda de los casos, esta cookie se utiliza para determinar visitantes \u00fanicos a nuestro sitio y<br \/>\nse actualiza con cada p\u00e1gina visitada. Adem\u00e1s, esta cookie tiene un ID \u00fanico de Google Analytics que asegura tanto su validez como accesibilidad como medida de seguridad adicional.\u00a0<a class=\"rank-math-link\" href=\"https:\/\/www.google.com\/intl\/es\/policies\/\" target=\"_blank\" rel=\"noopener noreferrer\">M\u00e1s informaci\u00f3n<\/a><\/td>\n<\/tr>\n<tr>\n<td>Terceros<br \/>\npersistente<em>__utmb<\/em><\/td>\n<td>2 a\u00f1os desde<br \/>\ncada actualizaci\u00f3n<\/td>\n<td>Esta cookie se utiliza para establecer y continuar una sesi\u00f3n de usuario en nuestro sitio. Cuando un usuario visita una p\u00e1gina de nuestro sitio, el c\u00f3digo de Google Analytics intenta actualizar esta cookie. Si no puede encontrar la cookie, crear\u00e1 una nueva. Cada vez que el usuario visita una p\u00e1gina diferente, esta cookie se actualiza para caducar a los 30 minutos, continuando as\u00ed encontrando una \u00fanica sesi\u00f3n a intervalos de 30 minutos. Esta cookie caduca cuando un usuario deja de visitar nuestro sitio por un per\u00edodo de 30 minutos.\u00a0<a href=\"https:\/\/www.google.com\/intl\/es\/policies\/\" target=\"_blank\" rel=\"noopener noreferrer\">M\u00e1s informaci\u00f3n<\/a><\/td>\n<\/tr>\n<tr>\n<td>Terceros<br \/>\npersistentAPISID, HSID, NID,<br \/>\nSAPISID, SID, SSID<\/td>\n<td>2 a\u00f1os desde<br \/>\nsu instalaci\u00f3n<\/td>\n<td>Guarda las preferencias del usuario y otra informaci\u00f3n sobre los servicios de Google que tiene el usuario.\u00a0<a class=\"rank-math-link\" href=\"https:\/\/www.google.com\/policies\/privacy\/\" target=\"_blank\" rel=\"noopener noreferrer\">M\u00e1s informaci\u00f3n<\/a><\/td>\n<\/tr>\n<tr>\n<td>Terceros<br \/>\npersistente<em>__utmt<\/em><\/td>\n<td>Sesi\u00f3n<\/td>\n<td>Hist\u00f3ricamente, esta cookie funcionaba junto con la cookie __utmb para determinar si se deb\u00eda establecer una nueva sesi\u00f3n para el usuario. Hoy no se usa pero todav\u00eda est\u00e1 aqu\u00ed para mantener<br \/>\ncompatibilidad con versiones anteriores del c\u00f3digo theurchin.js y ga.js.\u00a0<a class=\"rank-math-link\" href=\"https:\/\/www.google.com\/intl\/es\/policies\/\" target=\"_blank\" rel=\"noopener noreferrer\">M\u00e1s informaci\u00f3n<\/a><\/td>\n<\/tr>\n<tr>\n<td>Terceros<br \/>\npersistente<em>__utmz<\/em><\/td>\n<td>6 meses de cada<br \/>\npotenciar<\/td>\n<td>Esta cookie guarda informaci\u00f3n sobre las referencias utilizadas por el visitante para llegar a nuestro sitio, ya sea directamente, un enlace de referencia, una b\u00fasqueda web o una campa\u00f1a publicitaria o por correo electr\u00f3nico. Se utiliza para calcular el tr\u00e1fico de los motores de b\u00fasqueda web, campa\u00f1as de marketing y navegaci\u00f3n en nuestro sitio. Esta cookie se actualiza en cada vista de p\u00e1gina.\u00a0<a class=\"rank-math-link\" href=\"https:\/\/www.google.com\/intl\/es\/policies\/\" target=\"_blank\" rel=\"noopener noreferrer\">M\u00e1s informaci\u00f3n<\/a><\/td>\n<\/tr>\n<tr>\n<td>_remember_checked_on<\/td>\n<td>Caduca al finalizar<br \/>\nLa sesi\u00f3n<\/td>\n<td>Cookies con funcionalidades de Twitter.<\/td>\n<\/tr>\n<tr>\n<td><\/td>\n<td>Caduca al finalizar<br \/>\nLa sesi\u00f3n<\/td>\n<td><\/td>\n<\/tr>\n<\/tbody>\n<\/table>\n<\/figure>\n<figure class=\"wp-block-table\">\n<table>\n<thead>\n<tr>\n<th>Nombre<\/th>\n<th>Categor\u00eda<\/th>\n<th>Descripci\u00f3n<\/th>\n<th>Propiedad<\/th>\n<th>Duraci\u00f3n<\/th>\n<\/tr>\n<\/thead>\n<tbody>\n<tr>\n<td>wordpress_<\/td>\n<td>Funcionalidad<\/td>\n<td>Se activa durante el inicio de sesi\u00f3n y guarda los detalles de autenticaci\u00f3n.<\/td>\n<td>Propio<\/td>\n<td>1 a\u00f1o<\/td>\n<\/tr>\n<tr>\n<td>wordpress_logged_in_<\/td>\n<td>Funcionalidad<\/td>\n<td>Se activa durante el inicio de sesi\u00f3n y guarda los detalles de autenticaci\u00f3n.<\/td>\n<td>Propio<\/td>\n<td>1 a\u00f1o<\/td>\n<\/tr>\n<tr>\n<td>wordpress_test_cookie<\/td>\n<td>Funcionalidad<\/td>\n<td>Se activa durante el inicio de sesi\u00f3n y guarda los detalles de autenticaci\u00f3n.<\/td>\n<td>Propio<\/td>\n<td>1 a\u00f1o<\/td>\n<\/tr>\n<tr>\n<td>wp-settings-<\/td>\n<td>Funcionalidad<\/td>\n<td>Se utiliza para personalizar la interfaz de usuario.<\/td>\n<td>Propio<\/td>\n<td>1 a\u00f1o<\/td>\n<\/tr>\n<tr>\n<td>wp-settings-time-<\/td>\n<td>Funcionalidad<\/td>\n<td>Se utiliza para personalizar la interfaz de usuario.<\/td>\n<td>Propio<\/td>\n<td>1 a\u00f1o<\/td>\n<\/tr>\n<tr>\n<td>catAccCookies<\/td>\n<td>Funcionalidad<\/td>\n<td>Contiene un c\u00f3digo para verificar que se ha aceptado la pol\u00edtica de cookies.<\/td>\n<td>Propio<\/td>\n<td>1 a\u00f1o<\/td>\n<\/tr>\n<tr>\n<td><\/td>\n<td><\/td>\n<td><\/td>\n<td><\/td>\n<td><\/td>\n<\/tr>\n<tr>\n<td><\/td>\n<td><\/td>\n<td><\/td>\n<td><\/td>\n<td><\/td>\n<\/tr>\n<tr>\n<td><\/td>\n<td><\/td>\n<td><\/td>\n<td><\/td>\n<td><\/td>\n<\/tr>\n<tr>\n<td><\/td>\n<td><\/td>\n<td><\/td>\n<td><\/td>\n<td><\/td>\n<\/tr>\n<\/tbody>\n<\/table>\n<\/figure>\n<h2>3. \u00bfC\u00f3mo puedo administrar y deshabilitar estas cookies?<\/h2>\n<p>Si no desea que el sitio web no instale ninguna cookie en su computadora, es posible adaptar su navegador para que se le notifique antes de que se descargue cualquier cookie.<\/p>\n<p>As\u00ed, tambi\u00e9n puede modificar la configuraci\u00f3n del navegador para que rechace todas las cookies o solo las de terceros. Tambi\u00e9n puede eliminar cualquiera de las cookies que ya est\u00e9n en su computadora. Ten en cuenta que tendr\u00e1s que adaptar la configuraci\u00f3n de cada navegador y equipo que utilices por separado.<\/p>\n<p><strong>https:\/\/consulting.hidup.io\/<\/strong>\u00a0pone a disposici\u00f3n de los usuarios que quieran impedir la instalaci\u00f3n de las mencionadas cookies, enlaces facilitados a tal efecto por navegadores cuyo uso se considera m\u00e1s extendido:<\/p>\n<p><a href=\"http:\/\/support.google.com\/chrome\/bin\/answer.py?hl=es-419&amp;answer=95647\" target=\"_blank\" rel=\"noreferrer noopener\">Google Chrome<\/a>\u00a0\u2013\u00a0<a href=\"https:\/\/davidolier.com\/legal\/politica-de-cookies\/#ie=ie-10\" target=\"_blank\" rel=\"noreferrer noopener\">Explorador de Internet<\/a>\u00a0\u2013\u00a0<a href=\"http:\/\/support.mozilla.org\/es\/kb\/habilitar-y-deshabilitar-cookies-que-los-sitios-we\" target=\"_blank\" rel=\"noreferrer noopener\">Mozilla Firefox<\/a>\u00a0\u2013\u00a0<a href=\"http:\/\/support.apple.com\/kb\/HT1677?viewlocale=es_ES%20%97%20http:\/\/support.apple.com\/kb\/ph5042\" target=\"_blank\" rel=\"noreferrer noopener\">Safari de manzana<\/a><\/p>\n<p><strong>Pol\u00edtica de cookies a 26 de octubre de 2020.<\/strong><\/p>","protected":false},"excerpt":{"rendered":"<p>Pol\u00edtica de cookies La LSSI-CE obliga a todos los que disponemos de un blog o una p\u00e1gina web a advertir al usuario de la existencia de cookies, informarle sobre las mismas y solicitar su permiso para descargarlas. Siguiendo lo dispuesto en el art. 22.2 de la Ley 34\/2002. \u201cLos proveedores de servicios pueden utilizar dispositivos de almacenamiento y recuperaci\u00f3n de datos en equipos terminales\u2026&nbsp;<a href=\"https:\/\/consulting.hidup.io\/es\/cookies-policy\/\" rel=\"bookmark\">Leer m\u00e1s &quot;<span class=\"screen-reader-text\">Pol\u00edtica de cookies<\/span><\/a><\/p>","protected":false},"author":1,"featured_media":0,"parent":0,"menu_order":0,"comment_status":"closed","ping_status":"closed","template":"","meta":{"_crdt_document":"","neve_meta_sidebar":"full-width","neve_meta_container":"","neve_meta_enable_content_width":"on","neve_meta_content_width":73,"neve_meta_title_alignment":"","neve_meta_author_avatar":"","neve_post_elements_order":"","neve_meta_disable_header":"","neve_meta_disable_footer":"","neve_meta_disable_title":"","neve_meta_reading_time":"","footnotes":""},"class_list":["post-732","page","type-page","status-publish","hentry"],"_links":{"self":[{"href":"https:\/\/consulting.hidup.io\/es\/wp-json\/wp\/v2\/pages\/732","targetHints":{"allow":["GET"]}}],"collection":[{"href":"https:\/\/consulting.hidup.io\/es\/wp-json\/wp\/v2\/pages"}],"about":[{"href":"https:\/\/consulting.hidup.io\/es\/wp-json\/wp\/v2\/types\/page"}],"author":[{"embeddable":true,"href":"https:\/\/consulting.hidup.io\/es\/wp-json\/wp\/v2\/users\/1"}],"replies":[{"embeddable":true,"href":"https:\/\/consulting.hidup.io\/es\/wp-json\/wp\/v2\/comments?post=732"}],"version-history":[{"count":2,"href":"https:\/\/consulting.hidup.io\/es\/wp-json\/wp\/v2\/pages\/732\/revisions"}],"predecessor-version":[{"id":734,"href":"https:\/\/consulting.hidup.io\/es\/wp-json\/wp\/v2\/pages\/732\/revisions\/734"}],"wp:attachment":[{"href":"https:\/\/consulting.hidup.io\/es\/wp-json\/wp\/v2\/media?parent=732"}],"curies":[{"name":"gracias","href":"https:\/\/api.w.org\/{rel}","templated":true}]}}