{"id":735,"date":"2021-01-06T12:06:03","date_gmt":"2021-01-06T12:06:03","guid":{"rendered":"https:\/\/consulting.hidup.io\/?page_id=735"},"modified":"2021-01-06T12:06:03","modified_gmt":"2021-01-06T12:06:03","slug":"privacy-policy","status":"publish","type":"page","link":"https:\/\/consulting.hidup.io\/es\/privacy-policy\/","title":{"rendered":"Pol\u00edtica de privacidad"},"content":{"rendered":"<p>Al registrarse o enviar datos personales a\u00a0<strong>https:\/\/consulting.hidup.io\/<\/strong>\u00a0, el usuario autoriza el tratamiento de sus datos personales de acuerdo con las siguientes condiciones:<\/p>\n<h3>1. Archivos y finalidad<\/h3>\n<p>Para cumplir con el deber de informaci\u00f3n exigido por la normativa, el usuario que nos facilite datos personales debe ser informado previamente de que sus datos ser\u00e1n tratados de acuerdo con el RGPD que tiene los derechos que \u00e9ste le otorga. Como recomienda la AEPD, usaremos un sistema de capas: en la primera capa daremos informaci\u00f3n b\u00e1sica sobre el tratamiento y en la segunda capa daremos informaci\u00f3n m\u00e1s completa sobre todo lo que requiere el nuevo RGPD.<\/p>\n<p>Es posible que esta segunda capa sea un enlace interno de este sitio web. Para cumplir con este deber de informaci\u00f3n, se deben abordar todos y cada uno de los puntos que se informan a continuaci\u00f3n.<\/p>\n<h3>2. Formularios de contacto<\/h3>\n<p>Los datos personales que se faciliten electr\u00f3nicamente a trav\u00e9s de los correspondientes formularios de este sitio web ser\u00e1n tratados para atender su solicitud, enviarle publicidad de nuestros productos \/ servicios por cualquier medio (f\u00edsico o electr\u00f3nico) e invitarle a eventos organizados por la empresa. Los datos del tratamiento son:<\/p>\n<ul>\n<li><em>Responsable<\/em>: https:\/\/hidup.io\/<\/li>\n<li><em>Prop\u00f3sito<\/em>: Env\u00edo de informaci\u00f3n y prospecci\u00f3n comercial.<\/li>\n<li><em>Legitimaci\u00f3n<\/em>: Consentimiento del interesado.<\/li>\n<li><em>Destinatarios<\/em>: Nunca ser\u00e1n cedidos a terceros.<\/li>\n<li><em>Derechos<\/em>: Acceder, rectificar y suprimir sus datos, as\u00ed como otros derechos detallados en\u00a0<a href=\"https:\/\/consulting.hidup.io\/es\/legal\/\">Aviso legal<\/a>.<\/li>\n<\/ul>\n<h3>3. Comentarios<\/h3>\n<p>Los datos personales que se faciliten electr\u00f3nicamente a trav\u00e9s de los correspondientes formularios de este sitio web ser\u00e1n tratados para atender su solicitud, enviarle publicidad de nuestros productos \/ servicios por cualquier medio (f\u00edsico o electr\u00f3nico) e invitarle a eventos organizados por la empresa. Los datos del tratamiento son:<\/p>\n<ul>\n<li><em>Responsable<\/em>: https:\/\/hidup.io\/<\/li>\n<li><em>Prop\u00f3sito<\/em>: poder publicar tu comentario.<\/li>\n<li><em>Legitimaci\u00f3n<\/em>: Consentimiento del interesado.<\/li>\n<li><em>Destinatarios<\/em>: Nunca ser\u00e1n cedidos a terceros.<\/li>\n<li><em>Derechos<\/em>: Acceder, rectificar y suprimir sus datos, as\u00ed como otros derechos detallados en\u00a0<a href=\"https:\/\/consulting.hidup.io\/es\/legal\/\">+ Informaci\u00f3n<\/a>.<\/li>\n<\/ul>\n<h3>4. Clientes<\/h3>\n<p>Los datos personales proporcionados en este documento est\u00e1n destinados a prestar el servicio solicitado y poder facturarlo. Los datos del tratamiento son:<\/p>\n<ul>\n<li><em>Responsable<\/em>: https:\/\/hidup.io\/<\/li>\n<li><em>Prop\u00f3sito<\/em>: Brindar los servicios \/ productos contratados as\u00ed como enviarle informaci\u00f3n relevante sobre dichos productos o servicios.<\/li>\n<li><em>Legitimaci\u00f3n<\/em>: Cumplir con la relaci\u00f3n contractual<\/li>\n<li><em>Destinatarios<\/em>: Nunca ser\u00e1n cedidos a terceros.<\/li>\n<li><em>re<\/em><em>erguido<\/em>: Acceder, rectificar y suprimir sus datos, as\u00ed como otros derechos detallados en\u00a0<a href=\"https:\/\/consulting.hidup.io\/es\/legal\/\">+ Informaci\u00f3n<\/a>.<\/li>\n<\/ul>\n<p>Asimismo, con la aceptaci\u00f3n de estas condiciones a trav\u00e9s de la casilla de verificaci\u00f3n correspondiente durante la compra de este servicio o producto, usted otorga su autorizaci\u00f3n para ofrecerle productos y servicios relacionados con los solicitados.<\/p>\n<h3>5. Enlaces externos<\/h3>\n<p>Se advierte al usuario que esta p\u00e1gina web puede mostrar enlaces a diferentes portales ajenos a\u00a0<strong>https:\/\/media.hidup.io\/<\/strong>. En estos casos,\u00a0<strong>https:\/\/consulting.hidup.io\/<\/strong>\u00a0no se hace responsable del posible tratamiento de datos que se pueda llevar a cabo en estas p\u00e1ginas web.<\/p>\n<header class=\"entry-header\">\n<h3 class=\"entry-title\">Pol\u00edtica de privacidad - Informaci\u00f3n complementaria<\/h3>\n<\/header>\n<div class=\"entry-content\">\n<p>La informaci\u00f3n relativa a la segunda capa de datos seg\u00fan el RGPD de:<\/p>\n<ol>\n<li>Comentarios dejados en la web<\/li>\n<li>Formularios de contacto<\/li>\n<li>Nuevos clientes<\/li>\n<\/ol>\n<h3>1. Comentarios dejados en la web<\/h3>\n<p>Los datos personales que se faciliten electr\u00f3nicamente a trav\u00e9s del siguiente formulario ser\u00e1n tratados para atender su solicitud, enviarle publicidad de nuestros productos \/ servicios por cualquier medio (f\u00edsico o electr\u00f3nico) e invitarle a eventos organizados por la empresa. Los datos del tratamiento son:<\/p>\n<h3>\u00bfQui\u00e9n es responsable?<\/h3>\n<p><strong><a href=\"https:\/\/consulting.hidup.io\/es\/legal\/\">Aviso legal consultor\u00eda hidup<\/a><\/strong><\/p>\n<h3>\u00bfCon qu\u00e9 finalidad tratamos sus datos personales?<\/h3>\n<p>Enviar informaci\u00f3n y prospecci\u00f3n comercial con el fin de poder ofrecerle productos y servicios acordes a sus intereses, mejorar su experiencia de usuario, elaboraremos un perfil comercial en base a la informaci\u00f3n proporcionada. No se tomar\u00e1n decisiones automatizadas basadas en ese perfil.<\/p>\n<h3>\u00bfCu\u00e1nto tiempo conservaremos sus datos?<\/h3>\n<p>Mientras dure la relaci\u00f3n contractual y \/ o por un plazo de un a\u00f1o desde la \u00faltima confirmaci\u00f3n de inter\u00e9s.<\/p>\n<h3>\u00bfCu\u00e1l es la legitimidad para el tratamiento de sus datos personales?<\/h3>\n<p>La oferta prospectiva de productos y servicios est\u00e1 basada en su consentimiento, sin que en ning\u00fan caso la retirada del consentimiento condicione la ejecuci\u00f3n del contrato de servicio.<\/p>\n<h3>\u00bfA qu\u00e9 destinatarios se comunicar\u00e1n sus datos?<\/h3>\n<p>Nunca se ceder\u00e1n a terceros.<\/p>\n<h3>\u00bfCu\u00e1les son sus derechos cuando nos facilita sus datos personales?<\/h3>\n<p>Cualquier persona tiene derecho a obtener confirmaci\u00f3n sobre si estamos tratando datos personales que le conciernen o no. Las personas interesadas tienen derecho a acceder a sus datos personales, as\u00ed como a solicitar la rectificaci\u00f3n de los datos inexactos o, en su caso, solicitar su supresi\u00f3n cuando, entre otros motivos, los datos ya no sean necesarios para los fines para los que fueron recogido. . En determinadas circunstancias, los interesados podr\u00e1n solicitar la limitaci\u00f3n del tratamiento de sus datos, en cuyo caso \u00fanicamente los conservaremos para el ejercicio o la defensa de reclamaciones. En determinadas circunstancias y por motivos relacionados con su situaci\u00f3n particular, los interesados podr\u00e1n oponerse al tratamiento de sus datos.<\/p>\n<h3>2. Formularios de contacto<\/h3>\n<p>Los datos personales que se faciliten electr\u00f3nicamente a trav\u00e9s del siguiente formulario ser\u00e1n tratados para atender su solicitud, enviarle publicidad de nuestros productos \/ servicios por cualquier medio (f\u00edsico o electr\u00f3nico) e invitarle a eventos organizados por la empresa. Los datos del tratamiento son:<\/p>\n<h3>\u00bfQui\u00e9n es responsable?<\/h3>\n<p><a href=\"https:\/\/consulting.hidup.io\/es\/legal\/\"><strong>Aviso legal consultor\u00eda hidup<\/strong><\/a><\/p>\n<h3>\u00bfCon qu\u00e9 finalidad tratamos sus datos personales?<\/h3>\n<p>Enviar informaci\u00f3n y prospecci\u00f3n comercial con el fin de poder ofrecerle productos y servicios acordes a sus intereses, mejorar su experiencia de usuario, elaboraremos un perfil comercial en base a la informaci\u00f3n proporcionada. No se tomar\u00e1n decisiones automatizadas basadas en ese perfil.<\/p>\n<h3>\u00bfCu\u00e1nto tiempo conservaremos sus datos?<\/h3>\n<p>Mientras dure la relaci\u00f3n contractual y \/ o por un plazo de un a\u00f1o desde la \u00faltima confirmaci\u00f3n de inter\u00e9s.<\/p>\n<h3>\u00bfCu\u00e1l es la legitimidad para el tratamiento de sus datos personales?<\/h3>\n<p>La oferta prospectiva de productos y servicios est\u00e1 basada en su consentimiento, sin que en ning\u00fan caso la retirada del consentimiento condicione la ejecuci\u00f3n del contrato de servicio.<\/p>\n<h3>\u00bfA qu\u00e9 destinatarios se comunicar\u00e1n sus datos?<\/h3>\n<p>Nunca se ceder\u00e1n a terceros.<\/p>\n<h3>\u00bfCu\u00e1les son sus derechos cuando nos facilita sus datos personales?<\/h3>\n<p>Cualquier persona tiene derecho a obtener confirmaci\u00f3n sobre si estamos tratando datos personales que le conciernen o no. Las personas interesadas tienen derecho a acceder a sus datos personales, as\u00ed como a solicitar la rectificaci\u00f3n de los datos inexactos o, en su caso, solicitar su supresi\u00f3n cuando, entre otros motivos, los datos ya no sean necesarios para los fines para los que fueron recogido. . En determinadas circunstancias, los interesados podr\u00e1n solicitar la limitaci\u00f3n del tratamiento de sus datos, en cuyo caso \u00fanicamente los conservaremos para el ejercicio o la defensa de reclamaciones. En determinadas circunstancias y por motivos relacionados con su situaci\u00f3n particular, los interesados podr\u00e1n oponerse al tratamiento de sus datos.<\/p>\n<h3>3. Clientes<\/h3>\n<p>Los datos personales proporcionados en este documento est\u00e1n destinados a prestar el servicio solicitado y poder facturarlo. Los datos del tratamiento son:<\/p>\n<h3>\u00bfQui\u00e9n es responsable?<\/h3>\n<ul>\n<li><strong>contacto: support@hidup.io david.jimenez@hidup.io<\/strong><\/li>\n<\/ul>\n<h3>\u00bfCon qu\u00e9 finalidad tratamos sus datos personales?<\/h3>\n<p>Para poder ofrecerle los productos y servicios contratados y para poder facturarle los mismos.<\/p>\n<h3>\u00bfCu\u00e1nto tiempo conservaremos sus datos?<\/h3>\n<p>Mientras dure la relaci\u00f3n contractual y durante los per\u00edodos en los que exista una obligaci\u00f3n legal.<\/p>\n<h3>\u00bfCu\u00e1l es la legitimidad para el tratamiento de sus datos personales?<\/h3>\n<p>Cumplir con la relaci\u00f3n contractual.<\/p>\n<h3>\u00bfA qu\u00e9 destinatarios se comunicar\u00e1n sus datos?<\/h3>\n<p>Nunca ser\u00e1n cedidos a terceros salvo en los casos en que exista una obligaci\u00f3n legal (Administraci\u00f3n Tributaria, Seguridad Social, etc.).<\/p>\n<h3>\u00bfCu\u00e1les son sus derechos cuando nos facilita sus datos personales?<\/h3>\n<p>Cualquier persona tiene derecho a obtener confirmaci\u00f3n sobre si estamos tratando datos personales que le conciernen o no. Las personas interesadas tienen derecho a acceder a sus datos personales, as\u00ed como a solicitar la rectificaci\u00f3n de los datos inexactos o, en su caso, solicitar su supresi\u00f3n cuando, entre otros motivos, los datos ya no sean necesarios para los fines para los que fueron recogido. . En determinadas circunstancias, los interesados podr\u00e1n solicitar la limitaci\u00f3n del tratamiento de sus datos, en cuyo caso \u00fanicamente los conservaremos para el ejercicio o la defensa de reclamaciones. En determinadas circunstancias y por motivos relacionados con su situaci\u00f3n particular, los interesados podr\u00e1n oponerse al tratamiento de sus datos.<\/p>\n<\/div>","protected":false},"excerpt":{"rendered":"<p>Al registrarse o remitir datos personales a https:\/\/consulting.hidup.io\/, el usuario autoriza el tratamiento de sus datos personales de acuerdo con las siguientes condiciones: 1. Archivos y finalidad Cumplir con el deber de informaci\u00f3n exigido por la normativa, El usuario que nos facilita sus datos personales debe ser informado previamente de que sus datos ser\u00e1n tratados en\u2026&nbsp;<a href=\"https:\/\/consulting.hidup.io\/es\/privacy-policy\/\" rel=\"bookmark\">Leer m\u00e1s &quot;<span class=\"screen-reader-text\">Pol\u00edtica de privacidad<\/span><\/a><\/p>","protected":false},"author":1,"featured_media":0,"parent":0,"menu_order":0,"comment_status":"closed","ping_status":"closed","template":"","meta":{"_crdt_document":"","neve_meta_sidebar":"full-width","neve_meta_container":"","neve_meta_enable_content_width":"on","neve_meta_content_width":73,"neve_meta_title_alignment":"","neve_meta_author_avatar":"","neve_post_elements_order":"","neve_meta_disable_header":"","neve_meta_disable_footer":"","neve_meta_disable_title":"","neve_meta_reading_time":"","footnotes":""},"class_list":["post-735","page","type-page","status-publish","hentry"],"_links":{"self":[{"href":"https:\/\/consulting.hidup.io\/es\/wp-json\/wp\/v2\/pages\/735","targetHints":{"allow":["GET"]}}],"collection":[{"href":"https:\/\/consulting.hidup.io\/es\/wp-json\/wp\/v2\/pages"}],"about":[{"href":"https:\/\/consulting.hidup.io\/es\/wp-json\/wp\/v2\/types\/page"}],"author":[{"embeddable":true,"href":"https:\/\/consulting.hidup.io\/es\/wp-json\/wp\/v2\/users\/1"}],"replies":[{"embeddable":true,"href":"https:\/\/consulting.hidup.io\/es\/wp-json\/wp\/v2\/comments?post=735"}],"version-history":[{"count":1,"href":"https:\/\/consulting.hidup.io\/es\/wp-json\/wp\/v2\/pages\/735\/revisions"}],"predecessor-version":[{"id":736,"href":"https:\/\/consulting.hidup.io\/es\/wp-json\/wp\/v2\/pages\/735\/revisions\/736"}],"wp:attachment":[{"href":"https:\/\/consulting.hidup.io\/es\/wp-json\/wp\/v2\/media?parent=735"}],"curies":[{"name":"gracias","href":"https:\/\/api.w.org\/{rel}","templated":true}]}}